{"id":1356,"date":"2020-04-23T04:29:28","date_gmt":"2020-04-23T04:29:28","guid":{"rendered":"https:\/\/portalcreditos.es\/cuentas\/?page_id=1356"},"modified":"2023-10-29T22:21:20","modified_gmt":"2023-10-29T20:21:20","slug":"cookies","status":"publish","type":"page","link":"https:\/\/portalcreditos.es\/cuentas\/cookies\/","title":{"rendered":"Cookies"},"content":{"rendered":"<h1>POLITICA DE COOKIES de Portalcreditos CUENTAS<\/h1>\n<h2>1. Objeto de la pol\u00edtica de cookies<\/h2>\n<p>En cumplimiento de lo establecido en el art\u00edculo 22 de la Ley 34\/2002, de 11 de julio, de Servicios de la Sociedad de la Informaci\u00f3n y Comercio Electr\u00f3nico este documento tiene por objeto informar de la pol\u00edtica de uso de dispositivos de almacenamiento y recuperaci\u00f3n de datos en equipos terminales (en adelante cookies) por parte de Leadators, S.L. (en adelante, PORTALCREDITOS.ES o la Sociedad) en su condici\u00f3n de prestador de servicios de la sociedad de la informaci\u00f3n a trav\u00e9s de este sitio web https:\/\/portalcreditos.es\/cuentas, (en adelante \u201cel Sitio\u201d o \u201cSitio Web\u201d) con la finalidad de que pueda decidir si autoriza o no el uso de cookies en los equipos terminales que utiliza en su navegaci\u00f3n a trav\u00e9s del sitio.<\/p>\n<h2>2. Concepto de Cookies<\/h2>\n<p>Una <em>Cookie<\/em> es un peque\u00f1o archivo que se almacena en el ordenador del usuario y nos permite reconocerle. El conjunto de \u00abcookies\u00bb nos ayuda a mejorar la calidad de nuestra web, permiti\u00e9ndonos controlar qu\u00e9 p\u00e1ginas encuentran nuestros usuarios \u00fatiles y cu\u00e1les no.<\/p>\n<p>Las cookies son esenciales para el funcionamiento de internet, aportando innumerables ventajas en la prestaci\u00f3n de servicios interactivos, facilit\u00e1ndole la navegaci\u00f3n y usabilidad de nuestra web. Tenga en cuenta que las cookies no pueden da\u00f1ar su equipo y que, a cambio, el que est\u00e9n activadas nos ayudan a identificar y resolver los errores.<\/p>\n<h2>3. Autorizaci\u00f3n para el uso de cookies<\/h2>\n<p>De conformidad con el aviso de cookies que aparece en el pie de p\u00e1gina del sitio web, el usuario o visitante de los mismos acepta que, al navegar por el mismo, consiente expresamente el uso de cookies seg\u00fan la descripci\u00f3n que se detalla a continuaci\u00f3n, excepto en la medida que haya modificado la configuraci\u00f3n de su navegador para rechazar la utilizaci\u00f3n de estas.<\/p>\n<h2>4. Tipos de Cookies que se utilizan en la Web<\/h2>\n<p>El usuario que navega por la Web puede encontrar cookies insertadas directamente por Portalcreditos.es, o bien cookies insertadas por entidades distintas a esta, seg\u00fan lo detallado en los siguientes apartados:<\/p>\n<h3>4.1. Cookies propias insertadas por Portalcreditos.es<\/h3>\n<p>Portalcreditos.es utiliza cookies propias que sirven para facilitar la correcta navegaci\u00f3n en el sitio Web, as\u00ed como para asegurar que el contenido de los mismos se carga eficazmente. Algunas de estas cookies son, adem\u00e1s, cookies de sesi\u00f3n es decir que tienen car\u00e1cter temporal y expiran y se borran autom\u00e1ticamente cuando el usuario cierra su navegador.<\/p>\n<div style=\"width: 100%; overflow: scroll;\">\n<table width=\"100%\">\n<thead>\n<tr>\n<td><strong>Cookie<\/strong><\/td>\n<td><strong>Finalidad<\/strong><\/td>\n<td><strong>Expiraci\u00f3n<\/strong><\/td>\n<td><strong>Tipo<\/strong><\/td>\n<\/tr>\n<\/thead>\n<tbody>\n<tr>\n<td>hmc_cookiewarning<\/td>\n<td>Publicidad. Permite gestionar el aviso legal de cookies<\/td>\n<td>10 a\u00f1os<\/td>\n<td>Afectada<\/td>\n<\/tr>\n<tr>\n<td>hmc_alertcookie<\/td>\n<td>Publicidad. Recopilan informaci\u00f3n an\u00f3nima y permite mostrar anuncios determinados<\/td>\n<td>1 a\u00f1o<\/td>\n<td>Afectada<\/td>\n<\/tr>\n<tr>\n<td>hmc_alertexitcookie<\/td>\n<td>Publicidad. Recopilan informaci\u00f3n an\u00f3nima y permite mostrar anuncios determinados<\/td>\n<td>1 a\u00f1o<\/td>\n<td>Afectada<\/td>\n<\/tr>\n<tr>\n<td>hmc_uuid<\/td>\n<td>An\u00e1lisis. Recopilan informaci\u00f3n an\u00f3nima sobre la navegaci\u00f3n de los usuarios por el sitio web<\/td>\n<td>Sesi\u00f3n<\/td>\n<td>Exceptuada<\/td>\n<\/tr>\n<tr>\n<td>PHPSESSID<\/td>\n<td>An\u00e1lisis. Recopilan informaci\u00f3n an\u00f3nima sobre la navegaci\u00f3n de los usuarios por el sitio web<\/td>\n<td>Sesi\u00f3n<\/td>\n<td>Exceptuada<\/td>\n<\/tr>\n<\/tbody>\n<\/table>\n<\/div>\n<h3>4.2. Cookies de terceros<\/h3>\n<p>A continuaci\u00f3n, se detallan las entidades distintas al Titular que utilizan cookies en el sitio Web, as\u00ed como las finalidades de las mismas:<\/p>\n\n<p><strong>Cookies de redes sociales:<\/strong><\/p>\n<p>Portalcreditos utiliza cookies de Facebook, Twitter y LinkedIn para que el usuario pueda compartir contenidos de la Web en las citadas redes sociales, o bien para facilitar el registro en la Web, de forma que con los datos de los usuarios han facilitado las redes sociales puedan cumplimentar directamente los campos del formulario de registro en la Web.<\/p>\n<p><strong>Cookies para la medici\u00f3n del tr\u00e1fico en los portales:<\/strong><\/p>\n<p>Portalcreditos utiliza cookies de Google Analytics para recopilar datos estad\u00edsticos de la actividad de los usuarios en el sitio Web y, de este modo, poder mejorar los servicios prestados a los usuarios. Estas cookies permiten analizar el tr\u00e1fico de usuarios generando un ID de usuario an\u00f3nimo que se utiliza para medir cu\u00e1ntas veces visita el Sitio un usuario. Asimismo, registra cu\u00e1ndo fue la primera y \u00faltima vez que visit\u00f3 la Web, cu\u00e1ndo se ha terminado una sesi\u00f3n y el origen del usuario.<\/p>\n<p><strong>Cookies publicitarias:<\/strong><\/p>\n<p>Portalcreditos no utiliza cookies almacenadas por terceras empresas que gestionen espacios que sirven publicidad y a las que los usuarios acceden.<\/p>\n<h2>5. Configuraci\u00f3n del navegador<\/h2>\n<p>Portalcreditos recuerda a sus usuarios que el uso de cookies podr\u00e1 estar sujeto a su aceptaci\u00f3n durante la instalaci\u00f3n o actualizaci\u00f3n del navegador utilizado por estos.<\/p>\n<p>Esta aceptaci\u00f3n podr\u00e1 ser revocada mediante las opciones de configuraci\u00f3n de contenidos y privacidad disponibles en el mismo. Portalcreditos recomienda a sus usuarios que consulten la ayuda de su navegador o acceda a las p\u00e1ginas web de ayuda de los principales navegadores:<\/p>\n<p>Firefox<\/p>\n<p>Internet Explorer<\/p>\n<p>Safari<\/p>\n<p>Chrome<\/p>\n<p>Si el usuario deseara m\u00e1s informaci\u00f3n sobre c\u00f3mo revocar el consentimiento prestado o sobre el procedimiento para deshabilitar las cookies, as\u00ed como realizar alguna pregunta sobre la Pol\u00edtica de Cookies del Sitio Web, se puede poner en contacto con Portalcreditos.es a trav\u00e9s de la siguiente direcci\u00f3n hola@portalcreditos.es indicando en el asunto \u201cPol\u00edtica de Cookies\u201d.<\/p>\n","protected":false},"excerpt":{"rendered":"<p>POLITICA DE COOKIES de Portalcreditos CUENTAS 1. Objeto de la pol\u00edtica de cookies En cumplimiento de lo establecido en el art\u00edculo 22 de la Ley 34\/2002, de 11 de julio, de Servicios de la Sociedad de la Informaci\u00f3n y Comercio Electr\u00f3nico este documento tiene por objeto informar de la pol\u00edtica de uso de dispositivos de [&hellip;]<\/p>\n","protected":false},"author":1,"featured_media":0,"parent":0,"menu_order":0,"comment_status":"closed","ping_status":"closed","template":"","meta":{"_acf_changed":false,"footnotes":""},"coauthors":[7],"acf":[],"yoast_head":"<!-- This site is optimized with the Yoast SEO plugin v23.5 - https:\/\/yoast.com\/wordpress\/plugins\/seo\/ -->\n<title>Cookies - Pol\u00edtica de cookies en PortalCreditos.es<\/title>\n<meta name=\"description\" content=\"Pol\u00edtica de cookies. Objeto de la pol\u00edtica, concepto, autorizaci\u00f3n para el uso, tipos de cookies utilizadas y configuraci\u00f3n.\" \/>\n<meta name=\"robots\" content=\"index, follow, max-snippet:-1, max-image-preview:large, max-video-preview:-1\" \/>\n<link rel=\"canonical\" href=\"https:\/\/portalcreditos.es\/cuentas\/cookies\/\" \/>\n<meta property=\"og:locale\" content=\"es_ES\" \/>\n<meta property=\"og:type\" content=\"article\" \/>\n<meta property=\"og:title\" content=\"Cookies - Pol\u00edtica de cookies en PortalCreditos.es\" \/>\n<meta property=\"og:description\" content=\"Pol\u00edtica de cookies. Objeto de la pol\u00edtica, concepto, autorizaci\u00f3n para el uso, tipos de cookies utilizadas y configuraci\u00f3n.\" \/>\n<meta property=\"og:url\" content=\"https:\/\/portalcreditos.es\/cuentas\/cookies\/\" \/>\n<meta property=\"og:site_name\" content=\"Portalcreditos | Cuentas bancarias\" \/>\n<meta property=\"article:publisher\" content=\"https:\/\/www.facebook.com\/Portalcreditos.es\" \/>\n<meta property=\"article:modified_time\" content=\"2023-10-29T20:21:20+00:00\" \/>\n<meta name=\"twitter:card\" content=\"summary_large_image\" \/>\n<meta name=\"twitter:site\" content=\"@PortalC12\" \/>\n<meta name=\"twitter:label1\" content=\"Tiempo de lectura\" \/>\n\t<meta name=\"twitter:data1\" content=\"4 minutos\" \/>\n\t<meta name=\"twitter:label2\" content=\"Written by\" \/>\n\t<meta name=\"twitter:data2\" content=\"Jes\u00fas Salgado G\u00f3mez\" \/>\n<script type=\"application\/ld+json\" class=\"yoast-schema-graph\">{\"@context\":\"https:\/\/schema.org\",\"@graph\":[{\"@type\":\"WebPage\",\"@id\":\"https:\/\/portalcreditos.es\/cuentas\/cookies\/\",\"url\":\"https:\/\/portalcreditos.es\/cuentas\/cookies\/\",\"name\":\"Cookies - Pol\u00edtica de cookies en PortalCreditos.es\",\"isPartOf\":{\"@id\":\"https:\/\/portalcreditos.es\/cuentas\/#website\",\"inLanguage\":\"es\"},\"datePublished\":\"2020-04-23T04:29:28+00:00\",\"dateModified\":\"2023-10-29T20:21:20+00:00\",\"description\":\"Pol\u00edtica de cookies. Objeto de la pol\u00edtica, concepto, autorizaci\u00f3n para el uso, tipos de cookies utilizadas y configuraci\u00f3n.\",\"breadcrumb\":{\"@id\":\"https:\/\/portalcreditos.es\/cuentas\/cookies\/#breadcrumb\"},\"inLanguage\":\"es\",\"potentialAction\":[{\"@type\":\"ReadAction\",\"target\":[\"https:\/\/portalcreditos.es\/cuentas\/cookies\/\"]}],\"author\":[]},{\"@type\":\"BreadcrumbList\",\"@id\":\"https:\/\/portalcreditos.es\/cuentas\/cookies\/#breadcrumb\",\"itemListElement\":[{\"@type\":\"ListItem\",\"position\":1,\"name\":\"Comparador de cuentas\",\"item\":\"https:\/\/portalcreditos.es\/cuentas\/\"},{\"@type\":\"ListItem\",\"position\":2,\"name\":\"Cookies\"}]},{\"@type\":\"WebSite\",\"@id\":\"https:\/\/portalcreditos.es\/cuentas\/#website\",\"url\":\"https:\/\/portalcreditos.es\/cuentas\/\",\"name\":\"Portalcreditos | Cuentas bancarias\",\"description\":\"Comparador de cuentas bancarias online\",\"publisher\":{\"@id\":\"https:\/\/portalcreditos.es\/cuentas\/#organization\"},\"potentialAction\":[{\"@type\":\"SearchAction\",\"target\":{\"@type\":\"EntryPoint\",\"urlTemplate\":\"https:\/\/portalcreditos.es\/cuentas\/?s={search_term_string}\"},\"query-input\":{\"@type\":\"PropertyValueSpecification\",\"valueRequired\":true,\"valueName\":\"search_term_string\"}}],\"inLanguage\":\"es\"},{\"@type\":\"Organization\",\"@id\":\"https:\/\/portalcreditos.es\/cuentas\/#organization\",\"name\":\"Comparador de cuentas online Portalcreditos\",\"url\":\"https:\/\/portalcreditos.es\/cuentas\/\",\"logo\":{\"@type\":\"ImageObject\",\"inLanguage\":\"es\",\"@id\":\"https:\/\/portalcreditos.es\/cuentas\/#\/schema\/logo\/image\/\",\"url\":\"https:\/\/portalcreditos.es\/cuentas\/wp-content\/uploads\/2022\/06\/Portalcreditos-cuentas-online-logo.webp\",\"contentUrl\":\"https:\/\/portalcreditos.es\/cuentas\/wp-content\/uploads\/2022\/06\/Portalcreditos-cuentas-online-logo.webp\",\"width\":300,\"height\":100,\"caption\":\"Comparador de cuentas online Portalcreditos\"},\"image\":{\"@id\":\"https:\/\/portalcreditos.es\/cuentas\/#\/schema\/logo\/image\/\"},\"sameAs\":[\"https:\/\/www.facebook.com\/Portalcreditos.es\",\"https:\/\/x.com\/PortalC12\",\"https:\/\/www.linkedin.com\/company\/portalcreditos\",\"https:\/\/www.youtube.com\/channel\/UCMXF_WkaA0atgMAj5JayiNA\",\"https:\/\/www.instagram.com\/portalcreditos.es\/\"]}]}<\/script>\n<!-- \/ Yoast SEO plugin. -->","yoast_head_json":{"title":"Cookies - Pol\u00edtica de cookies en PortalCreditos.es","description":"Pol\u00edtica de cookies. Objeto de la pol\u00edtica, concepto, autorizaci\u00f3n para el uso, tipos de cookies utilizadas y configuraci\u00f3n.","robots":{"index":"index","follow":"follow","max-snippet":"max-snippet:-1","max-image-preview":"max-image-preview:large","max-video-preview":"max-video-preview:-1"},"canonical":"https:\/\/portalcreditos.es\/cuentas\/cookies\/","og_locale":"es_ES","og_type":"article","og_title":"Cookies - Pol\u00edtica de cookies en PortalCreditos.es","og_description":"Pol\u00edtica de cookies. Objeto de la pol\u00edtica, concepto, autorizaci\u00f3n para el uso, tipos de cookies utilizadas y configuraci\u00f3n.","og_url":"https:\/\/portalcreditos.es\/cuentas\/cookies\/","og_site_name":"Portalcreditos | Cuentas bancarias","article_publisher":"https:\/\/www.facebook.com\/Portalcreditos.es","article_modified_time":"2023-10-29T20:21:20+00:00","twitter_card":"summary_large_image","twitter_site":"@PortalC12","twitter_misc":{"Tiempo de lectura":"4 minutos","Written by":"Jes\u00fas Salgado G\u00f3mez"},"schema":{"@context":"https:\/\/schema.org","@graph":[{"@type":"WebPage","@id":"https:\/\/portalcreditos.es\/cuentas\/cookies\/","url":"https:\/\/portalcreditos.es\/cuentas\/cookies\/","name":"Cookies - Pol\u00edtica de cookies en PortalCreditos.es","isPartOf":{"@id":"https:\/\/portalcreditos.es\/cuentas\/#website","inLanguage":"es"},"datePublished":"2020-04-23T04:29:28+00:00","dateModified":"2023-10-29T20:21:20+00:00","description":"Pol\u00edtica de cookies. Objeto de la pol\u00edtica, concepto, autorizaci\u00f3n para el uso, tipos de cookies utilizadas y configuraci\u00f3n.","breadcrumb":{"@id":"https:\/\/portalcreditos.es\/cuentas\/cookies\/#breadcrumb"},"inLanguage":"es","potentialAction":[{"@type":"ReadAction","target":["https:\/\/portalcreditos.es\/cuentas\/cookies\/"]}],"author":[]},{"@type":"BreadcrumbList","@id":"https:\/\/portalcreditos.es\/cuentas\/cookies\/#breadcrumb","itemListElement":[{"@type":"ListItem","position":1,"name":"Comparador de cuentas","item":"https:\/\/portalcreditos.es\/cuentas\/"},{"@type":"ListItem","position":2,"name":"Cookies"}]},{"@type":"WebSite","@id":"https:\/\/portalcreditos.es\/cuentas\/#website","url":"https:\/\/portalcreditos.es\/cuentas\/","name":"Portalcreditos | Cuentas bancarias","description":"Comparador de cuentas bancarias online","publisher":{"@id":"https:\/\/portalcreditos.es\/cuentas\/#organization"},"potentialAction":[{"@type":"SearchAction","target":{"@type":"EntryPoint","urlTemplate":"https:\/\/portalcreditos.es\/cuentas\/?s={search_term_string}"},"query-input":{"@type":"PropertyValueSpecification","valueRequired":true,"valueName":"search_term_string"}}],"inLanguage":"es"},{"@type":"Organization","@id":"https:\/\/portalcreditos.es\/cuentas\/#organization","name":"Comparador de cuentas online Portalcreditos","url":"https:\/\/portalcreditos.es\/cuentas\/","logo":{"@type":"ImageObject","inLanguage":"es","@id":"https:\/\/portalcreditos.es\/cuentas\/#\/schema\/logo\/image\/","url":"https:\/\/portalcreditos.es\/cuentas\/wp-content\/uploads\/2022\/06\/Portalcreditos-cuentas-online-logo.webp","contentUrl":"https:\/\/portalcreditos.es\/cuentas\/wp-content\/uploads\/2022\/06\/Portalcreditos-cuentas-online-logo.webp","width":300,"height":100,"caption":"Comparador de cuentas online Portalcreditos"},"image":{"@id":"https:\/\/portalcreditos.es\/cuentas\/#\/schema\/logo\/image\/"},"sameAs":["https:\/\/www.facebook.com\/Portalcreditos.es","https:\/\/x.com\/PortalC12","https:\/\/www.linkedin.com\/company\/portalcreditos","https:\/\/www.youtube.com\/channel\/UCMXF_WkaA0atgMAj5JayiNA","https:\/\/www.instagram.com\/portalcreditos.es\/"]}]}},"_links":{"self":[{"href":"https:\/\/portalcreditos.es\/cuentas\/wp-json\/wp\/v2\/pages\/1356"}],"collection":[{"href":"https:\/\/portalcreditos.es\/cuentas\/wp-json\/wp\/v2\/pages"}],"about":[{"href":"https:\/\/portalcreditos.es\/cuentas\/wp-json\/wp\/v2\/types\/page"}],"author":[{"embeddable":true,"href":"https:\/\/portalcreditos.es\/cuentas\/wp-json\/wp\/v2\/users\/1"}],"replies":[{"embeddable":true,"href":"https:\/\/portalcreditos.es\/cuentas\/wp-json\/wp\/v2\/comments?post=1356"}],"version-history":[{"count":18,"href":"https:\/\/portalcreditos.es\/cuentas\/wp-json\/wp\/v2\/pages\/1356\/revisions"}],"predecessor-version":[{"id":11649,"href":"https:\/\/portalcreditos.es\/cuentas\/wp-json\/wp\/v2\/pages\/1356\/revisions\/11649"}],"wp:attachment":[{"href":"https:\/\/portalcreditos.es\/cuentas\/wp-json\/wp\/v2\/media?parent=1356"}],"wp:term":[{"taxonomy":"author","embeddable":true,"href":"https:\/\/portalcreditos.es\/cuentas\/wp-json\/wp\/v2\/coauthors?post=1356"}],"curies":[{"name":"wp","href":"https:\/\/api.w.org\/{rel}","templated":true}]}}