{"id":12,"date":"2019-08-16T05:28:02","date_gmt":"2019-08-16T05:28:02","guid":{"rendered":"https:\/\/portalcreditos.es\/cuentas\/?page_id=12"},"modified":"2023-10-29T22:22:19","modified_gmt":"2023-10-29T20:22:19","slug":"nosotros","status":"publish","type":"page","link":"https:\/\/portalcreditos.es\/cuentas\/nosotros\/","title":{"rendered":"\u00bfQui\u00e9nes somos?"},"content":{"rendered":"<h2 class=\"nosoline1\">Tenemos un gran objetivo<\/h2>\n<p class=\"nosoline2\">Ayudar a escoger la mejor<br \/>\nopci\u00f3n de financiaci\u00f3n personal<\/p>\n<p>&nbsp;<\/p>\n<p class=\"np1_line1\">Te ayudamos a escoger la mejor opci\u00f3n para cada situaci\u00f3n<\/p>\n<p class=\"np1_line2\">Analizamos al detalle cada una de las propuestas de financiaci\u00f3n personal y, una vez tenemos las conclusiones, emitimos nuestra <b>opini\u00f3n<\/b>\u00a0de forma\u00a0<b>clara<\/b>\u00a0y\u00a0<b>transparente<\/b>\u00a0para que puedas comparar y escoger la mejor opci\u00f3n para cada necesidad.<\/p>\n<p>&nbsp;<\/p>\n<div class=\"np2_line1\">Somos un equipo humano de profesionales multidisciplinar, de distintas nacionalidades, trabajando para ti.<\/div>\n<div class=\"np2_line2\">\n<ul>\n<li>Economistas<\/li>\n<li>Empresarios<\/li>\n<li>Analistas<\/li>\n<li>Actuarios<\/li>\n<li>Redactores<\/li>\n<li>Programadores\u00a0y profesionales\u00a0t\u00e9cnicos<\/li>\n<li>Y, sobre todo, personas que como t\u00fa, queremos lo mejor para todos<\/li>\n<\/ul>\n<\/div>\n<p>&nbsp;<\/p>\n<p class=\"np3_line1\">Nos basamos en datos y estad\u00edsticas imparciales<\/p>\n<p class=\"np3_line2\">La puntuaci\u00f3n que se muestra de cada entidad proviene de un algoritmo propio, que punt\u00faa cada servicio teniendo en cuenta <b>m\u00e1s de 20 par\u00e1metros distintos.<\/b><\/p>\n<p>&nbsp;<\/p>\n<h2 class=\"col-md-12\">Nuestros redactores y colaboradores expertos financieros:<\/h2>\n<div class=\"col-md-6\">\n<div class=\"nosopersonimg\"><img decoding=\"async\" src=\"https:\/\/portalcreditos.es\/cuentas\/wp-content\/uploads\/2020\/04\/gina-paterson-img.png\" alt=\"Gina paterson image\" \/><\/div>\n<div class=\"nosodetails\">\n<div class=\"nosolines\">Gina Paterson Economista analista financiero experto<\/div>\n<\/div>\n<\/div>\n<div class=\"col-md-6\">\n<div class=\"nosopersonimg\"><img decoding=\"async\" src=\"https:\/\/portalcreditos.es\/cuentas\/wp-content\/uploads\/2019\/12\/jesus-salgado-img.png\" alt=\"Jesus salgado image\" \/><\/div>\n<div class=\"nosodetails\">\n<div class=\"nosolines\"><a href=\"https:\/\/portalcreditos.es\/cuentas\/analista-prestamos\/jesus-salgado\/\">Jes\u00fas Salgado<\/a> Jefe de redacci\u00f3n analista financiero experto<\/div>\n<\/div>\n<\/div>\n<div class=\"col-md-12\"><\/div>\n<div class=\"col-md-6\">\n<div class=\"nosopersonimg\"><img decoding=\"async\" src=\"https:\/\/portalcreditos.es\/cuentas\/wp-content\/uploads\/2019\/09\/luis-abellan-img.png\" alt=\"Luis abell\u00e1n image\" \/><\/div>\n<div class=\"nosodetails\">\n<div class=\"nosolines\"><a href=\"https:\/\/portalcreditos.es\/cuentas\/analista-prestamos\/luisabellan\/\">Lu\u00eds Abell\u00e1n<\/a> Experto en finanzas asesor econ\u00f3mico<\/div>\n<\/div>\n<\/div>\n<div class=\"col-md-6\">\n<div class=\"nosopersonimg\"><img decoding=\"async\" src=\"https:\/\/portalcreditos.es\/cuentas\/wp-content\/uploads\/2020\/04\/ana-luisa-romero-img.png\" alt=\"Ana luisa romero image\" \/><\/div>\n<div class=\"nosodetails\">\n<div class=\"nosolines\">Ana Luisa Romero Experto en finanzas asesor econ\u00f3mico<\/div>\n<\/div>\n<\/div>\n<p>&nbsp;<\/p>\n<div class=\"row\">\n<div class=\"col-md-12\">\n<h3>En Portalcreditos encontrar\u00e1s informaci\u00f3n neutral, clara y transparente sobre pr\u00e9stamos y cr\u00e9ditos<\/h3>\n<\/div>\n<\/div>\n<div class=\"row\">\n<div class=\"col-md-12\">+ 100 opiniones<br \/>\n+ 1000 FAQ&#8217;s<br \/>\n+ 3000 datos<\/div>\n<\/div>\n<p>&nbsp;<\/p>\n<div class=\"np6_part1\"><b>Aspiramos a ser el mejor comparador de soluciones monetarias personales<\/b><br \/>\nTrabajamos a diario para intentar ser\u00a0<b>los mejores<\/b>\u00a0en nuestro sector.<br \/>\nPor lo que no dejamos de mejorar nuestro contenido y de pensar en nuevas formas de <b>aportar valor.<\/b><\/div>\n<div class=\"np6_part2\">Direcci\u00f3n Portalcreditos.es<\/div>\n","protected":false},"excerpt":{"rendered":"<p>Tenemos un gran objetivo Ayudar a escoger la mejor opci\u00f3n de financiaci\u00f3n personal &nbsp; Te ayudamos a escoger la mejor opci\u00f3n para cada situaci\u00f3n Analizamos al detalle cada una de las propuestas de financiaci\u00f3n personal y, una vez tenemos las conclusiones, emitimos nuestra opini\u00f3n\u00a0de forma\u00a0clara\u00a0y\u00a0transparente\u00a0para que puedas comparar y escoger la mejor opci\u00f3n para cada [&hellip;]<\/p>\n","protected":false},"author":1,"featured_media":3399,"parent":0,"menu_order":0,"comment_status":"closed","ping_status":"closed","template":"nosotros-page-template.php","meta":{"_acf_changed":false,"footnotes":""},"coauthors":[7],"acf":[],"yoast_head":"<!-- This site is optimized with the Yoast SEO plugin v23.5 - https:\/\/yoast.com\/wordpress\/plugins\/seo\/ -->\n<title>Portalcreditos.es \u27a1 Informaci\u00f3n y opiniones \u25b6Qui\u00e9nes somos<\/title>\n<meta name=\"description\" content=\"PortalCreditos es un \u25b6LUGAR SEGURO y con muy \u25b6BUENAS OPINIONES. Ayuda a escojer la mejor opci\u00f3n de pr\u00e9stamos personales siendo \u25b6imparciales\" \/>\n<meta name=\"robots\" content=\"index, follow, max-snippet:-1, max-image-preview:large, max-video-preview:-1\" \/>\n<link rel=\"canonical\" href=\"https:\/\/portalcreditos.es\/cuentas\/nosotros\/\" \/>\n<meta property=\"og:locale\" content=\"es_ES\" \/>\n<meta property=\"og:type\" content=\"article\" \/>\n<meta property=\"og:title\" content=\"Portalcreditos.es \u27a1 Informaci\u00f3n y opiniones \u25b6Qui\u00e9nes somos\" \/>\n<meta property=\"og:description\" content=\"PortalCreditos es un \u25b6LUGAR SEGURO y con muy \u25b6BUENAS OPINIONES. Ayuda a escojer la mejor opci\u00f3n de pr\u00e9stamos personales siendo \u25b6imparciales\" \/>\n<meta property=\"og:url\" content=\"https:\/\/portalcreditos.es\/cuentas\/nosotros\/\" \/>\n<meta property=\"og:site_name\" content=\"Portalcreditos | Cuentas bancarias\" \/>\n<meta property=\"article:publisher\" content=\"https:\/\/www.facebook.com\/Portalcreditos.es\" \/>\n<meta property=\"article:modified_time\" content=\"2023-10-29T20:22:19+00:00\" \/>\n<meta property=\"og:image\" content=\"https:\/\/portalcreditos.es\/cuentas\/wp-content\/uploads\/2020\/07\/Nosotros-featured-img.jpg\" \/>\n\t<meta property=\"og:image:width\" content=\"601\" \/>\n\t<meta property=\"og:image:height\" content=\"316\" \/>\n\t<meta property=\"og:image:type\" content=\"image\/jpeg\" \/>\n<meta name=\"twitter:card\" content=\"summary_large_image\" \/>\n<meta name=\"twitter:site\" content=\"@PortalC12\" \/>\n<meta name=\"twitter:label1\" content=\"Tiempo de lectura\" \/>\n\t<meta name=\"twitter:data1\" content=\"2 minutos\" \/>\n\t<meta name=\"twitter:label2\" content=\"Written by\" \/>\n\t<meta name=\"twitter:data2\" content=\"Jes\u00fas Salgado G\u00f3mez\" \/>\n<script type=\"application\/ld+json\" class=\"yoast-schema-graph\">{\"@context\":\"https:\/\/schema.org\",\"@graph\":[{\"@type\":\"WebPage\",\"@id\":\"https:\/\/portalcreditos.es\/cuentas\/nosotros\/\",\"url\":\"https:\/\/portalcreditos.es\/cuentas\/nosotros\/\",\"name\":\"Portalcreditos.es \u27a1 Informaci\u00f3n y opiniones \u25b6Qui\u00e9nes somos\",\"isPartOf\":{\"@id\":\"https:\/\/portalcreditos.es\/cuentas\/#website\",\"inLanguage\":\"es\"},\"primaryImageOfPage\":{\"@id\":\"https:\/\/portalcreditos.es\/cuentas\/nosotros\/#primaryimage\"},\"image\":{\"@id\":\"https:\/\/portalcreditos.es\/cuentas\/nosotros\/#primaryimage\"},\"thumbnailUrl\":\"https:\/\/portalcreditos.es\/cuentas\/wp-content\/uploads\/2020\/07\/Nosotros-featured-img.jpg\",\"datePublished\":\"2019-08-16T05:28:02+00:00\",\"dateModified\":\"2023-10-29T20:22:19+00:00\",\"description\":\"PortalCreditos es un \u25b6LUGAR SEGURO y con muy \u25b6BUENAS OPINIONES. Ayuda a escojer la mejor opci\u00f3n de pr\u00e9stamos personales siendo \u25b6imparciales\",\"breadcrumb\":{\"@id\":\"https:\/\/portalcreditos.es\/cuentas\/nosotros\/#breadcrumb\"},\"inLanguage\":\"es\",\"potentialAction\":[{\"@type\":\"ReadAction\",\"target\":[\"https:\/\/portalcreditos.es\/cuentas\/nosotros\/\"]}],\"author\":[]},{\"@type\":\"ImageObject\",\"inLanguage\":\"es\",\"@id\":\"https:\/\/portalcreditos.es\/cuentas\/nosotros\/#primaryimage\",\"url\":\"https:\/\/portalcreditos.es\/cuentas\/wp-content\/uploads\/2020\/07\/Nosotros-featured-img.jpg\",\"contentUrl\":\"https:\/\/portalcreditos.es\/cuentas\/wp-content\/uploads\/2020\/07\/Nosotros-featured-img.jpg\",\"width\":601,\"height\":316,\"caption\":\"Nosotros featured img\"},{\"@type\":\"BreadcrumbList\",\"@id\":\"https:\/\/portalcreditos.es\/cuentas\/nosotros\/#breadcrumb\",\"itemListElement\":[{\"@type\":\"ListItem\",\"position\":1,\"name\":\"Comparador de cuentas\",\"item\":\"https:\/\/portalcreditos.es\/cuentas\/\"},{\"@type\":\"ListItem\",\"position\":2,\"name\":\"\u00bfQui\u00e9nes somos?\"}]},{\"@type\":\"WebSite\",\"@id\":\"https:\/\/portalcreditos.es\/cuentas\/#website\",\"url\":\"https:\/\/portalcreditos.es\/cuentas\/\",\"name\":\"Portalcreditos | Cuentas bancarias\",\"description\":\"Comparador de cuentas bancarias online\",\"publisher\":{\"@id\":\"https:\/\/portalcreditos.es\/cuentas\/#organization\"},\"potentialAction\":[{\"@type\":\"SearchAction\",\"target\":{\"@type\":\"EntryPoint\",\"urlTemplate\":\"https:\/\/portalcreditos.es\/cuentas\/?s={search_term_string}\"},\"query-input\":{\"@type\":\"PropertyValueSpecification\",\"valueRequired\":true,\"valueName\":\"search_term_string\"}}],\"inLanguage\":\"es\"},{\"@type\":\"Organization\",\"@id\":\"https:\/\/portalcreditos.es\/cuentas\/#organization\",\"name\":\"Comparador de cuentas online Portalcreditos\",\"url\":\"https:\/\/portalcreditos.es\/cuentas\/\",\"logo\":{\"@type\":\"ImageObject\",\"inLanguage\":\"es\",\"@id\":\"https:\/\/portalcreditos.es\/cuentas\/#\/schema\/logo\/image\/\",\"url\":\"https:\/\/portalcreditos.es\/cuentas\/wp-content\/uploads\/2022\/06\/Portalcreditos-cuentas-online-logo.webp\",\"contentUrl\":\"https:\/\/portalcreditos.es\/cuentas\/wp-content\/uploads\/2022\/06\/Portalcreditos-cuentas-online-logo.webp\",\"width\":300,\"height\":100,\"caption\":\"Comparador de cuentas online Portalcreditos\"},\"image\":{\"@id\":\"https:\/\/portalcreditos.es\/cuentas\/#\/schema\/logo\/image\/\"},\"sameAs\":[\"https:\/\/www.facebook.com\/Portalcreditos.es\",\"https:\/\/x.com\/PortalC12\",\"https:\/\/www.linkedin.com\/company\/portalcreditos\",\"https:\/\/www.youtube.com\/channel\/UCMXF_WkaA0atgMAj5JayiNA\",\"https:\/\/www.instagram.com\/portalcreditos.es\/\"]}]}<\/script>\n<!-- \/ Yoast SEO plugin. -->","yoast_head_json":{"title":"Portalcreditos.es \u27a1 Informaci\u00f3n y opiniones \u25b6Qui\u00e9nes somos","description":"PortalCreditos es un \u25b6LUGAR SEGURO y con muy \u25b6BUENAS OPINIONES. Ayuda a escojer la mejor opci\u00f3n de pr\u00e9stamos personales siendo \u25b6imparciales","robots":{"index":"index","follow":"follow","max-snippet":"max-snippet:-1","max-image-preview":"max-image-preview:large","max-video-preview":"max-video-preview:-1"},"canonical":"https:\/\/portalcreditos.es\/cuentas\/nosotros\/","og_locale":"es_ES","og_type":"article","og_title":"Portalcreditos.es \u27a1 Informaci\u00f3n y opiniones \u25b6Qui\u00e9nes somos","og_description":"PortalCreditos es un \u25b6LUGAR SEGURO y con muy \u25b6BUENAS OPINIONES. Ayuda a escojer la mejor opci\u00f3n de pr\u00e9stamos personales siendo \u25b6imparciales","og_url":"https:\/\/portalcreditos.es\/cuentas\/nosotros\/","og_site_name":"Portalcreditos | Cuentas bancarias","article_publisher":"https:\/\/www.facebook.com\/Portalcreditos.es","article_modified_time":"2023-10-29T20:22:19+00:00","og_image":[{"width":601,"height":316,"url":"https:\/\/portalcreditos.es\/cuentas\/wp-content\/uploads\/2020\/07\/Nosotros-featured-img.jpg","type":"image\/jpeg"}],"twitter_card":"summary_large_image","twitter_site":"@PortalC12","twitter_misc":{"Tiempo de lectura":"2 minutos","Written by":"Jes\u00fas Salgado G\u00f3mez"},"schema":{"@context":"https:\/\/schema.org","@graph":[{"@type":"WebPage","@id":"https:\/\/portalcreditos.es\/cuentas\/nosotros\/","url":"https:\/\/portalcreditos.es\/cuentas\/nosotros\/","name":"Portalcreditos.es \u27a1 Informaci\u00f3n y opiniones \u25b6Qui\u00e9nes somos","isPartOf":{"@id":"https:\/\/portalcreditos.es\/cuentas\/#website","inLanguage":"es"},"primaryImageOfPage":{"@id":"https:\/\/portalcreditos.es\/cuentas\/nosotros\/#primaryimage"},"image":{"@id":"https:\/\/portalcreditos.es\/cuentas\/nosotros\/#primaryimage"},"thumbnailUrl":"https:\/\/portalcreditos.es\/cuentas\/wp-content\/uploads\/2020\/07\/Nosotros-featured-img.jpg","datePublished":"2019-08-16T05:28:02+00:00","dateModified":"2023-10-29T20:22:19+00:00","description":"PortalCreditos es un \u25b6LUGAR SEGURO y con muy \u25b6BUENAS OPINIONES. Ayuda a escojer la mejor opci\u00f3n de pr\u00e9stamos personales siendo \u25b6imparciales","breadcrumb":{"@id":"https:\/\/portalcreditos.es\/cuentas\/nosotros\/#breadcrumb"},"inLanguage":"es","potentialAction":[{"@type":"ReadAction","target":["https:\/\/portalcreditos.es\/cuentas\/nosotros\/"]}],"author":[]},{"@type":"ImageObject","inLanguage":"es","@id":"https:\/\/portalcreditos.es\/cuentas\/nosotros\/#primaryimage","url":"https:\/\/portalcreditos.es\/cuentas\/wp-content\/uploads\/2020\/07\/Nosotros-featured-img.jpg","contentUrl":"https:\/\/portalcreditos.es\/cuentas\/wp-content\/uploads\/2020\/07\/Nosotros-featured-img.jpg","width":601,"height":316,"caption":"Nosotros featured img"},{"@type":"BreadcrumbList","@id":"https:\/\/portalcreditos.es\/cuentas\/nosotros\/#breadcrumb","itemListElement":[{"@type":"ListItem","position":1,"name":"Comparador de cuentas","item":"https:\/\/portalcreditos.es\/cuentas\/"},{"@type":"ListItem","position":2,"name":"\u00bfQui\u00e9nes somos?"}]},{"@type":"WebSite","@id":"https:\/\/portalcreditos.es\/cuentas\/#website","url":"https:\/\/portalcreditos.es\/cuentas\/","name":"Portalcreditos | Cuentas bancarias","description":"Comparador de cuentas bancarias online","publisher":{"@id":"https:\/\/portalcreditos.es\/cuentas\/#organization"},"potentialAction":[{"@type":"SearchAction","target":{"@type":"EntryPoint","urlTemplate":"https:\/\/portalcreditos.es\/cuentas\/?s={search_term_string}"},"query-input":{"@type":"PropertyValueSpecification","valueRequired":true,"valueName":"search_term_string"}}],"inLanguage":"es"},{"@type":"Organization","@id":"https:\/\/portalcreditos.es\/cuentas\/#organization","name":"Comparador de cuentas online Portalcreditos","url":"https:\/\/portalcreditos.es\/cuentas\/","logo":{"@type":"ImageObject","inLanguage":"es","@id":"https:\/\/portalcreditos.es\/cuentas\/#\/schema\/logo\/image\/","url":"https:\/\/portalcreditos.es\/cuentas\/wp-content\/uploads\/2022\/06\/Portalcreditos-cuentas-online-logo.webp","contentUrl":"https:\/\/portalcreditos.es\/cuentas\/wp-content\/uploads\/2022\/06\/Portalcreditos-cuentas-online-logo.webp","width":300,"height":100,"caption":"Comparador de cuentas online Portalcreditos"},"image":{"@id":"https:\/\/portalcreditos.es\/cuentas\/#\/schema\/logo\/image\/"},"sameAs":["https:\/\/www.facebook.com\/Portalcreditos.es","https:\/\/x.com\/PortalC12","https:\/\/www.linkedin.com\/company\/portalcreditos","https:\/\/www.youtube.com\/channel\/UCMXF_WkaA0atgMAj5JayiNA","https:\/\/www.instagram.com\/portalcreditos.es\/"]}]}},"_links":{"self":[{"href":"https:\/\/portalcreditos.es\/cuentas\/wp-json\/wp\/v2\/pages\/12"}],"collection":[{"href":"https:\/\/portalcreditos.es\/cuentas\/wp-json\/wp\/v2\/pages"}],"about":[{"href":"https:\/\/portalcreditos.es\/cuentas\/wp-json\/wp\/v2\/types\/page"}],"author":[{"embeddable":true,"href":"https:\/\/portalcreditos.es\/cuentas\/wp-json\/wp\/v2\/users\/1"}],"replies":[{"embeddable":true,"href":"https:\/\/portalcreditos.es\/cuentas\/wp-json\/wp\/v2\/comments?post=12"}],"version-history":[{"count":59,"href":"https:\/\/portalcreditos.es\/cuentas\/wp-json\/wp\/v2\/pages\/12\/revisions"}],"predecessor-version":[{"id":11651,"href":"https:\/\/portalcreditos.es\/cuentas\/wp-json\/wp\/v2\/pages\/12\/revisions\/11651"}],"wp:featuredmedia":[{"embeddable":true,"href":"https:\/\/portalcreditos.es\/cuentas\/wp-json\/wp\/v2\/media\/3399"}],"wp:attachment":[{"href":"https:\/\/portalcreditos.es\/cuentas\/wp-json\/wp\/v2\/media?parent=12"}],"wp:term":[{"taxonomy":"author","embeddable":true,"href":"https:\/\/portalcreditos.es\/cuentas\/wp-json\/wp\/v2\/coauthors?post=12"}],"curies":[{"name":"wp","href":"https:\/\/api.w.org\/{rel}","templated":true}]}}